{"id":301,"date":"2025-11-12T11:11:07","date_gmt":"2025-11-12T10:11:07","guid":{"rendered":"https:\/\/coevagrup.eu\/productos-y-especializacion\/"},"modified":"2026-01-05T08:45:04","modified_gmt":"2026-01-05T07:45:04","slug":"productos-y-especializacion","status":"publish","type":"page","link":"https:\/\/coevagrup.eu\/es\/productos-y-especializacion\/","title":{"rendered":"Productos y especializaci\u00f3n"},"content":{"rendered":"\t\t<div data-elementor-type=\"wp-page\" data-elementor-id=\"301\" class=\"elementor elementor-301 elementor-96\" data-elementor-post-type=\"page\">\n\t\t\t\t<div class=\"elementor-element elementor-element-d899804 e-con-full e-flex e-con e-parent\" data-id=\"d899804\" data-element_type=\"container\" data-settings=\"{&quot;background_background&quot;:&quot;classic&quot;}\">\n\t\t<div class=\"elementor-element elementor-element-8b906f4 e-con-full e-flex e-con e-child\" data-id=\"8b906f4\" data-element_type=\"container\" data-settings=\"{&quot;background_background&quot;:&quot;classic&quot;}\">\n\t\t\t\t<div class=\"elementor-element elementor-element-c289993 elementor-invisible elementor-widget elementor-widget-heading\" data-id=\"c289993\" data-element_type=\"widget\" data-settings=\"{&quot;_animation&quot;:&quot;fadeInUp&quot;,&quot;_animation_delay&quot;:600}\" data-widget_type=\"heading.default\">\n\t\t\t\t\t<h2 class=\"elementor-heading-title elementor-size-default\">Productos y especializaci\u00f3n<\/h2>\t\t\t\t<\/div>\n\t\t\t\t<\/div>\n\t\t<div class=\"elementor-element elementor-element-2b1481d e-con-full e-flex elementor-invisible e-con e-child\" data-id=\"2b1481d\" data-element_type=\"container\" data-settings=\"{&quot;background_background&quot;:&quot;classic&quot;,&quot;animation&quot;:&quot;fadeInRight&quot;,&quot;animation_delay&quot;:600}\">\n\t\t\t\t<\/div>\n\t\t\t\t<\/div>\n\t\t<div class=\"elementor-element elementor-element-4eb8082 e-con-full e-flex e-con e-parent\" data-id=\"4eb8082\" data-element_type=\"container\" data-settings=\"{&quot;background_background&quot;:&quot;classic&quot;}\">\n\t\t<div class=\"elementor-element elementor-element-05f05ca e-con-full e-flex e-con e-child\" data-id=\"05f05ca\" data-element_type=\"container\">\n\t\t\t\t<div class=\"elementor-element elementor-element-e05addb elementor-widget elementor-widget-spacer\" data-id=\"e05addb\" data-element_type=\"widget\" data-widget_type=\"spacer.default\">\n\t\t\t\t\t\t\t<div class=\"elementor-spacer\">\n\t\t\t<div class=\"elementor-spacer-inner\"><\/div>\n\t\t<\/div>\n\t\t\t\t\t\t<\/div>\n\t\t\t\t<\/div>\n\t\t<div class=\"elementor-element elementor-element-be194eb e-con-full e-flex e-con e-child\" data-id=\"be194eb\" data-element_type=\"container\">\n\t\t\t\t<div class=\"elementor-element elementor-element-ce65c52 elementor-invisible elementor-widget elementor-widget-text-editor\" data-id=\"ce65c52\" data-element_type=\"widget\" data-settings=\"{&quot;_animation&quot;:&quot;fadeInUp&quot;,&quot;_animation_delay&quot;:600}\" data-widget_type=\"text-editor.default\">\n\t\t\t\t\t\t\t\t\t<p>Distribuci\u00f3n t\u00e9cnica para todos los sectores industriales<br>En Coeva Grup disponemos de un cat\u00e1logo amplio y actualizado con productos de las principales marcas del mercado<\/p>\t\t\t\t\t\t\t\t<\/div>\n\t\t\t\t<\/div>\n\t\t<div class=\"elementor-element elementor-element-83b869e e-con-full e-flex e-con e-child\" data-id=\"83b869e\" data-element_type=\"container\">\n\t\t\t\t<\/div>\n\t\t\t\t<\/div>\n\t\t<div class=\"elementor-element elementor-element-858100a e-con-full e-flex e-con e-parent\" data-id=\"858100a\" data-element_type=\"container\" data-settings=\"{&quot;background_background&quot;:&quot;classic&quot;}\">\n\t\t\t\t<div class=\"elementor-element elementor-element-3be8e53 elementor-invisible elementor-widget elementor-widget-text-editor\" data-id=\"3be8e53\" data-element_type=\"widget\" data-settings=\"{&quot;_animation&quot;:&quot;fadeInUp&quot;,&quot;_animation_delay&quot;:600}\" data-widget_type=\"text-editor.default\">\n\t\t\t\t\t\t\t\t\t<p>\u00c1mbitos de producto<\/p>\t\t\t\t\t\t\t\t<\/div>\n\t\t<div class=\"elementor-element elementor-element-97d68d1 e-con-full e-flex e-con e-child\" data-id=\"97d68d1\" data-element_type=\"container\">\n\t\t<div class=\"elementor-element elementor-element-fc9a06a e-con-full e-flex e-con e-child\" data-id=\"fc9a06a\" data-element_type=\"container\">\n\t\t\t\t<div class=\"elementor-element elementor-element-a144433 elementor-invisible elementor-widget elementor-widget-image\" data-id=\"a144433\" data-element_type=\"widget\" data-settings=\"{&quot;_animation&quot;:&quot;fadeIn&quot;,&quot;_animation_delay&quot;:600}\" data-widget_type=\"image.default\">\n\t\t\t\t\t\t\t\t\t\t\t\t\t\t\t<img fetchpriority=\"high\" decoding=\"async\" width=\"536\" height=\"700\" src=\"https:\/\/coevagrup.eu\/wp-content\/uploads\/2025\/11\/image.jpg\" class=\"attachment-full size-full wp-image-298\" alt=\"Cables\" srcset=\"https:\/\/coevagrup.eu\/wp-content\/uploads\/2025\/11\/image.jpg 536w, https:\/\/coevagrup.eu\/wp-content\/uploads\/2025\/11\/image-230x300.jpg 230w\" sizes=\"(max-width: 536px) 100vw, 536px\" \/>\t\t\t\t\t\t\t\t\t\t\t\t\t\t\t<\/div>\n\t\t\t\t<div class=\"elementor-element elementor-element-2976239 elementor-invisible elementor-widget elementor-widget-heading\" data-id=\"2976239\" data-element_type=\"widget\" data-settings=\"{&quot;_animation&quot;:&quot;fadeInUp&quot;,&quot;_animation_delay&quot;:500}\" data-widget_type=\"heading.default\">\n\t\t\t\t\t<h2 class=\"elementor-heading-title elementor-size-default\">Material el\u00e9ctrico<br>y electr\u00f3nico<\/h2>\t\t\t\t<\/div>\n\t\t\t\t<\/div>\n\t\t<div class=\"elementor-element elementor-element-1db2074 e-con-full e-flex e-con e-child\" data-id=\"1db2074\" data-element_type=\"container\">\n\t\t\t\t<div class=\"elementor-element elementor-element-4bc3916 elementor-invisible elementor-widget elementor-widget-image\" data-id=\"4bc3916\" data-element_type=\"widget\" data-settings=\"{&quot;_animation&quot;:&quot;fadeIn&quot;,&quot;_animation_delay&quot;:600}\" data-widget_type=\"image.default\">\n\t\t\t\t\t\t\t\t\t\t\t\t\t\t\t<img decoding=\"async\" width=\"536\" height=\"700\" src=\"https:\/\/coevagrup.eu\/wp-content\/uploads\/2025\/11\/equipo-de-fabricacion-en-la-fabrica-1-1.jpg\" class=\"attachment-full size-full wp-image-292\" alt=\"F\u00e0brica envasats\" srcset=\"https:\/\/coevagrup.eu\/wp-content\/uploads\/2025\/11\/equipo-de-fabricacion-en-la-fabrica-1-1.jpg 536w, https:\/\/coevagrup.eu\/wp-content\/uploads\/2025\/11\/equipo-de-fabricacion-en-la-fabrica-1-1-230x300.jpg 230w\" sizes=\"(max-width: 536px) 100vw, 536px\" \/>\t\t\t\t\t\t\t\t\t\t\t\t\t\t\t<\/div>\n\t\t\t\t<div class=\"elementor-element elementor-element-530f400 elementor-invisible elementor-widget elementor-widget-heading\" data-id=\"530f400\" data-element_type=\"widget\" data-settings=\"{&quot;_animation&quot;:&quot;fadeInUp&quot;,&quot;_animation_delay&quot;:500}\" data-widget_type=\"heading.default\">\n\t\t\t\t\t<h2 class=\"elementor-heading-title elementor-size-default\">Neum\u00e1tica<br>y automatizaci\u00f3n<\/h2>\t\t\t\t<\/div>\n\t\t\t\t<\/div>\n\t\t<div class=\"elementor-element elementor-element-e287f30 e-con-full e-flex e-con e-child\" data-id=\"e287f30\" data-element_type=\"container\">\n\t\t\t\t<div class=\"elementor-element elementor-element-da9dde5 elementor-invisible elementor-widget elementor-widget-image\" data-id=\"da9dde5\" data-element_type=\"widget\" data-settings=\"{&quot;_animation&quot;:&quot;fadeIn&quot;,&quot;_animation_delay&quot;:600}\" data-widget_type=\"image.default\">\n\t\t\t\t\t\t\t\t\t\t\t\t\t\t\t<img decoding=\"async\" width=\"534\" height=\"700\" src=\"https:\/\/coevagrup.eu\/wp-content\/uploads\/2025\/11\/vista-de-angulo-bajo-del-techo-iluminado-1-1.jpg\" class=\"attachment-full size-full wp-image-291\" alt=\"Il\u00b7luminaci\u00f3 sostre\" srcset=\"https:\/\/coevagrup.eu\/wp-content\/uploads\/2025\/11\/vista-de-angulo-bajo-del-techo-iluminado-1-1.jpg 534w, https:\/\/coevagrup.eu\/wp-content\/uploads\/2025\/11\/vista-de-angulo-bajo-del-techo-iluminado-1-1-229x300.jpg 229w\" sizes=\"(max-width: 534px) 100vw, 534px\" \/>\t\t\t\t\t\t\t\t\t\t\t\t\t\t\t<\/div>\n\t\t\t\t<div class=\"elementor-element elementor-element-216d0c3 elementor-invisible elementor-widget elementor-widget-heading\" data-id=\"216d0c3\" data-element_type=\"widget\" data-settings=\"{&quot;_animation&quot;:&quot;fadeInUp&quot;,&quot;_animation_delay&quot;:500}\" data-widget_type=\"heading.default\">\n\t\t\t\t\t<h2 class=\"elementor-heading-title elementor-size-default\">Sistemas de iluminaci\u00f3n<br>t\u00e9cnica<\/h2>\t\t\t\t<\/div>\n\t\t\t\t<\/div>\n\t\t<div class=\"elementor-element elementor-element-14b57f7 e-con-full e-flex e-con e-child\" data-id=\"14b57f7\" data-element_type=\"container\">\n\t\t\t\t<div class=\"elementor-element elementor-element-f4cfb80 elementor-invisible elementor-widget elementor-widget-image\" data-id=\"f4cfb80\" data-element_type=\"widget\" data-settings=\"{&quot;_animation&quot;:&quot;fadeIn&quot;,&quot;_animation_delay&quot;:600}\" data-widget_type=\"image.default\">\n\t\t\t\t\t\t\t\t\t\t\t\t\t\t\t<img loading=\"lazy\" decoding=\"async\" width=\"532\" height=\"700\" src=\"https:\/\/coevagrup.eu\/wp-content\/uploads\/2025\/11\/el-trabajador-usa-el-panel-de-control-en-la-fabrica-1-2.jpg\" class=\"attachment-full size-full wp-image-290\" alt=\"Treballador utilitzant panell de control\" srcset=\"https:\/\/coevagrup.eu\/wp-content\/uploads\/2025\/11\/el-trabajador-usa-el-panel-de-control-en-la-fabrica-1-2.jpg 532w, https:\/\/coevagrup.eu\/wp-content\/uploads\/2025\/11\/el-trabajador-usa-el-panel-de-control-en-la-fabrica-1-2-228x300.jpg 228w\" sizes=\"(max-width: 532px) 100vw, 532px\" \/>\t\t\t\t\t\t\t\t\t\t\t\t\t\t\t<\/div>\n\t\t\t\t<div class=\"elementor-element elementor-element-ed07d01 elementor-invisible elementor-widget elementor-widget-heading\" data-id=\"ed07d01\" data-element_type=\"widget\" data-settings=\"{&quot;_animation&quot;:&quot;fadeInUp&quot;,&quot;_animation_delay&quot;:500}\" data-widget_type=\"heading.default\">\n\t\t\t\t\t<h2 class=\"elementor-heading-title elementor-size-default\">Inform\u00e1tica y control<br>industrial<\/h2>\t\t\t\t<\/div>\n\t\t\t\t<\/div>\n\t\t\t\t<\/div>\n\t\t\t\t<\/div>\n\t\t<div class=\"elementor-element elementor-element-9a3423e e-con-full e-flex e-con e-parent\" data-id=\"9a3423e\" data-element_type=\"container\" data-settings=\"{&quot;background_background&quot;:&quot;classic&quot;,&quot;background_motion_fx_motion_fx_scrolling&quot;:&quot;yes&quot;,&quot;background_motion_fx_translateY_effect&quot;:&quot;yes&quot;,&quot;background_motion_fx_translateY_speed&quot;:{&quot;unit&quot;:&quot;px&quot;,&quot;size&quot;:4,&quot;sizes&quot;:[]},&quot;background_motion_fx_translateY_affectedRange&quot;:{&quot;unit&quot;:&quot;%&quot;,&quot;size&quot;:&quot;&quot;,&quot;sizes&quot;:{&quot;start&quot;:0,&quot;end&quot;:100}},&quot;background_motion_fx_devices&quot;:[&quot;desktop&quot;,&quot;tablet&quot;,&quot;mobile&quot;]}\">\n\t\t<div class=\"elementor-element elementor-element-4489bed e-con-full e-flex e-con e-child\" data-id=\"4489bed\" data-element_type=\"container\" data-settings=\"{&quot;background_background&quot;:&quot;classic&quot;}\">\n\t\t\t\t<\/div>\n\t\t<div class=\"elementor-element elementor-element-ae41ae4 e-con-full e-flex e-con e-child\" data-id=\"ae41ae4\" data-element_type=\"container\">\n\t\t\t\t<div class=\"elementor-element elementor-element-cad3255 elementor-invisible elementor-widget elementor-widget-heading\" data-id=\"cad3255\" data-element_type=\"widget\" data-settings=\"{&quot;_animation&quot;:&quot;fadeInDown&quot;,&quot;_animation_delay&quot;:600}\" data-widget_type=\"heading.default\">\n\t\t\t\t\t<h2 class=\"elementor-heading-title elementor-size-default\">Puntos de venta<\/h2>\t\t\t\t<\/div>\n\t\t\t\t<div class=\"elementor-element elementor-element-c9865c9 elementor-invisible elementor-widget elementor-widget-text-editor\" data-id=\"c9865c9\" data-element_type=\"widget\" data-settings=\"{&quot;_animation&quot;:&quot;fadeIn&quot;,&quot;_animation_delay&quot;:600}\" data-widget_type=\"text-editor.default\">\n\t\t\t\t\t\t\t\t\t<p>Consulte nuestros puntos de venta<\/p>\t\t\t\t\t\t\t\t<\/div>\n\t\t\t\t<div class=\"elementor-element elementor-element-4624ec3 animated-slow elementor-mobile-align-left elementor-invisible elementor-widget elementor-widget-button\" data-id=\"4624ec3\" data-element_type=\"widget\" data-settings=\"{&quot;_animation&quot;:&quot;fadeInDown&quot;,&quot;_animation_delay&quot;:500}\" data-widget_type=\"button.default\">\n\t\t\t\t\t\t\t\t\t\t<a class=\"elementor-button elementor-button-link elementor-size-sm\" href=\"#\">\n\t\t\t\t\t\t<span class=\"elementor-button-content-wrapper\">\n\t\t\t\t\t\t\t\t\t<span class=\"elementor-button-text\">Ver m\u00e1s<\/span>\n\t\t\t\t\t<\/span>\n\t\t\t\t\t<\/a>\n\t\t\t\t\t\t\t\t<\/div>\n\t\t\t\t<\/div>\n\t\t\t\t<\/div>\n\t\t<div class=\"elementor-element elementor-element-f3d3006 e-con-full e-flex e-con e-parent\" data-id=\"f3d3006\" data-element_type=\"container\" data-settings=\"{&quot;background_background&quot;:&quot;classic&quot;}\">\n\t\t<div class=\"elementor-element elementor-element-157e566 e-con-full e-flex e-con e-child\" data-id=\"157e566\" data-element_type=\"container\">\n\t\t\t\t<\/div>\n\t\t<div class=\"elementor-element elementor-element-7cdc0b3 e-con-full e-flex e-con e-child\" data-id=\"7cdc0b3\" data-element_type=\"container\">\n\t\t\t\t<div class=\"elementor-element elementor-element-898b2dc elementor-invisible elementor-widget elementor-widget-text-editor\" data-id=\"898b2dc\" data-element_type=\"widget\" data-settings=\"{&quot;_animation&quot;:&quot;fadeInUp&quot;,&quot;_animation_delay&quot;:600}\" data-widget_type=\"text-editor.default\">\n\t\t\t\t\t\t\t\t\t<p>Nuestra misi\u00f3n es garantizar a los clientes el mejor suministro, con productos fiables, asesoramiento t\u00e9cnico especializado y una gesti\u00f3n log\u00edstica eficiente<\/p>\t\t\t\t\t\t\t\t<\/div>\n\t\t<div class=\"elementor-element elementor-element-a53bcca e-con-full e-flex e-con e-child\" data-id=\"a53bcca\" data-element_type=\"container\">\n\t\t<div class=\"elementor-element elementor-element-1c3f5e6 e-con-full e-flex e-con e-child\" data-id=\"1c3f5e6\" data-element_type=\"container\">\n\t\t\t\t<\/div>\n\t\t<div class=\"elementor-element elementor-element-3e10cd0 e-con-full e-flex e-con e-child\" data-id=\"3e10cd0\" data-element_type=\"container\">\n\t\t\t\t<\/div>\n\t\t\t\t<\/div>\n\t\t<div class=\"elementor-element elementor-element-3a2c2c3 e-con-full e-flex e-con e-child\" data-id=\"3a2c2c3\" data-element_type=\"container\">\n\t\t<div class=\"elementor-element elementor-element-0c17401 e-con-full e-flex e-con e-child\" data-id=\"0c17401\" data-element_type=\"container\">\n\t\t\t\t<div class=\"elementor-element elementor-element-367c27e animated-slow elementor-align-center elementor-invisible elementor-widget elementor-widget-button\" data-id=\"367c27e\" data-element_type=\"widget\" data-settings=\"{&quot;_animation&quot;:&quot;fadeInDown&quot;,&quot;_animation_delay&quot;:500}\" data-widget_type=\"button.default\">\n\t\t\t\t\t\t\t\t\t\t<a class=\"elementor-button elementor-button-link elementor-size-sm\" href=\"http:\/\/coevagrup.eu\/contacto\">\n\t\t\t\t\t\t<span class=\"elementor-button-content-wrapper\">\n\t\t\t\t\t\t\t\t\t<span class=\"elementor-button-text\">Solicite informaci\u00f3n<\/span>\n\t\t\t\t\t<\/span>\n\t\t\t\t\t<\/a>\n\t\t\t\t\t\t\t\t<\/div>\n\t\t\t\t<\/div>\n\t\t\t\t<\/div>\n\t\t\t\t<\/div>\n\t\t<div class=\"elementor-element elementor-element-8be316e e-con-full e-flex e-con e-child\" data-id=\"8be316e\" data-element_type=\"container\">\n\t\t\t\t<\/div>\n\t\t\t\t<\/div>\n\t\t\t\t<\/div>\n\t\t","protected":false},"excerpt":{"rendered":"<p>Productos y especializaci\u00f3n Distribuci\u00f3n t\u00e9cnica para todos los sectores industrialesEn Coeva Grup disponemos de un cat\u00e1logo amplio y actualizado con productos de las principales marcas del mercado \u00c1mbitos de producto Material el\u00e9ctricoy electr\u00f3nico Neum\u00e1ticay automatizaci\u00f3n Sistemas de iluminaci\u00f3nt\u00e9cnica Inform\u00e1tica y controlindustrial Puntos de venta Consulte nuestros puntos de venta Ver m\u00e1s Nuestra misi\u00f3n es garantizar [&hellip;]<\/p>\n","protected":false},"author":1,"featured_media":389,"parent":0,"menu_order":0,"comment_status":"closed","ping_status":"closed","template":"elementor_header_footer","meta":{"footnotes":""},"class_list":["post-301","page","type-page","status-publish","has-post-thumbnail","hentry"],"yoast_head":"<!-- This site is optimized with the Yoast SEO plugin v27.3 - https:\/\/yoast.com\/product\/yoast-seo-wordpress\/ -->\n<title>Distribuci\u00f3n t\u00e9cnica para todos los sectores industriales - Coeva Grup<\/title>\n<meta name=\"description\" content=\"Distribuci\u00f3n t\u00e9cnica especializada para todos los sectores industriales, con productos, asesoramiento y soluciones adaptadas a cada proyecto.\" \/>\n<meta name=\"robots\" content=\"index, follow, max-snippet:-1, max-image-preview:large, max-video-preview:-1\" \/>\n<link rel=\"canonical\" href=\"https:\/\/coevagrup.eu\/es\/productos-y-especializacion\/\" \/>\n<meta property=\"og:locale\" content=\"es_ES\" \/>\n<meta property=\"og:type\" content=\"article\" \/>\n<meta property=\"og:title\" content=\"Distribuci\u00f3n t\u00e9cnica para todos los sectores industriales - Coeva Grup\" \/>\n<meta property=\"og:description\" content=\"Distribuci\u00f3n t\u00e9cnica especializada para todos los sectores industriales, con productos, asesoramiento y soluciones adaptadas a cada proyecto.\" \/>\n<meta property=\"og:url\" content=\"https:\/\/coevagrup.eu\/es\/productos-y-especializacion\/\" \/>\n<meta property=\"og:site_name\" content=\"Coeva Grup\" \/>\n<meta property=\"article:modified_time\" content=\"2026-01-05T07:45:04+00:00\" \/>\n<meta property=\"og:image\" content=\"https:\/\/coevagrup.eu\/wp-content\/uploads\/2025\/10\/coeva-grup-simbol.png\" \/>\n\t<meta property=\"og:image:width\" content=\"446\" \/>\n\t<meta property=\"og:image:height\" content=\"438\" \/>\n\t<meta property=\"og:image:type\" content=\"image\/png\" \/>\n<meta name=\"twitter:card\" content=\"summary_large_image\" \/>\n<script type=\"application\/ld+json\" class=\"yoast-schema-graph\">{\"@context\":\"https:\\\/\\\/schema.org\",\"@graph\":[{\"@type\":\"WebPage\",\"@id\":\"https:\\\/\\\/coevagrup.eu\\\/es\\\/productos-y-especializacion\\\/\",\"url\":\"https:\\\/\\\/coevagrup.eu\\\/es\\\/productos-y-especializacion\\\/\",\"name\":\"Distribuci\u00f3n t\u00e9cnica para todos los sectores industriales - Coeva Grup\",\"isPartOf\":{\"@id\":\"https:\\\/\\\/coevagrup.eu\\\/es\\\/#website\"},\"primaryImageOfPage\":{\"@id\":\"https:\\\/\\\/coevagrup.eu\\\/es\\\/productos-y-especializacion\\\/#primaryimage\"},\"image\":{\"@id\":\"https:\\\/\\\/coevagrup.eu\\\/es\\\/productos-y-especializacion\\\/#primaryimage\"},\"thumbnailUrl\":\"https:\\\/\\\/coevagrup.eu\\\/wp-content\\\/uploads\\\/2025\\\/10\\\/coeva-grup-simbol.png\",\"datePublished\":\"2025-11-12T10:11:07+00:00\",\"dateModified\":\"2026-01-05T07:45:04+00:00\",\"description\":\"Distribuci\u00f3n t\u00e9cnica especializada para todos los sectores industriales, con productos, asesoramiento y soluciones adaptadas a cada proyecto.\",\"breadcrumb\":{\"@id\":\"https:\\\/\\\/coevagrup.eu\\\/es\\\/productos-y-especializacion\\\/#breadcrumb\"},\"inLanguage\":\"es\",\"potentialAction\":[{\"@type\":\"ReadAction\",\"target\":[\"https:\\\/\\\/coevagrup.eu\\\/es\\\/productos-y-especializacion\\\/\"]}]},{\"@type\":\"ImageObject\",\"inLanguage\":\"es\",\"@id\":\"https:\\\/\\\/coevagrup.eu\\\/es\\\/productos-y-especializacion\\\/#primaryimage\",\"url\":\"https:\\\/\\\/coevagrup.eu\\\/wp-content\\\/uploads\\\/2025\\\/10\\\/coeva-grup-simbol.png\",\"contentUrl\":\"https:\\\/\\\/coevagrup.eu\\\/wp-content\\\/uploads\\\/2025\\\/10\\\/coeva-grup-simbol.png\",\"width\":446,\"height\":438,\"caption\":\"coeva grup\"},{\"@type\":\"BreadcrumbList\",\"@id\":\"https:\\\/\\\/coevagrup.eu\\\/es\\\/productos-y-especializacion\\\/#breadcrumb\",\"itemListElement\":[{\"@type\":\"ListItem\",\"position\":1,\"name\":\"Inici\",\"item\":\"https:\\\/\\\/coevagrup.eu\\\/es\\\/inicio\\\/\"},{\"@type\":\"ListItem\",\"position\":2,\"name\":\"Productos y especializaci\u00f3n\"}]},{\"@type\":\"WebSite\",\"@id\":\"https:\\\/\\\/coevagrup.eu\\\/es\\\/#website\",\"url\":\"https:\\\/\\\/coevagrup.eu\\\/es\\\/\",\"name\":\"Coeva Grup\",\"description\":\"Distribuci\u00f3 de material el\u00e8ctric, electr\u00f2nic i solucions d&#039;automatitzaci\u00f3 per la ind\u00fastria\",\"publisher\":{\"@id\":\"https:\\\/\\\/coevagrup.eu\\\/es\\\/#organization\"},\"potentialAction\":[{\"@type\":\"SearchAction\",\"target\":{\"@type\":\"EntryPoint\",\"urlTemplate\":\"https:\\\/\\\/coevagrup.eu\\\/es\\\/?s={search_term_string}\"},\"query-input\":{\"@type\":\"PropertyValueSpecification\",\"valueRequired\":true,\"valueName\":\"search_term_string\"}}],\"inLanguage\":\"es\"},{\"@type\":\"Organization\",\"@id\":\"https:\\\/\\\/coevagrup.eu\\\/es\\\/#organization\",\"name\":\"Coeva Grup\",\"url\":\"https:\\\/\\\/coevagrup.eu\\\/es\\\/\",\"logo\":{\"@type\":\"ImageObject\",\"inLanguage\":\"es\",\"@id\":\"https:\\\/\\\/coevagrup.eu\\\/es\\\/#\\\/schema\\\/logo\\\/image\\\/\",\"url\":\"https:\\\/\\\/coevagrup.eu\\\/wp-content\\\/uploads\\\/2025\\\/11\\\/coeva-grup-logotip.png\",\"contentUrl\":\"https:\\\/\\\/coevagrup.eu\\\/wp-content\\\/uploads\\\/2025\\\/11\\\/coeva-grup-logotip.png\",\"width\":508,\"height\":166,\"caption\":\"Coeva Grup\"},\"image\":{\"@id\":\"https:\\\/\\\/coevagrup.eu\\\/es\\\/#\\\/schema\\\/logo\\\/image\\\/\"},\"sameAs\":[\"https:\\\/\\\/www.linkedin.com\\\/company\\\/coeva-tecnical-grup-sl\\\/\",\"https:\\\/\\\/www.instagram.com\\\/coeva_grup\\\/\"]}]}<\/script>\n<!-- \/ Yoast SEO plugin. -->","yoast_head_json":{"title":"Distribuci\u00f3n t\u00e9cnica para todos los sectores industriales - Coeva Grup","description":"Distribuci\u00f3n t\u00e9cnica especializada para todos los sectores industriales, con productos, asesoramiento y soluciones adaptadas a cada proyecto.","robots":{"index":"index","follow":"follow","max-snippet":"max-snippet:-1","max-image-preview":"max-image-preview:large","max-video-preview":"max-video-preview:-1"},"canonical":"https:\/\/coevagrup.eu\/es\/productos-y-especializacion\/","og_locale":"es_ES","og_type":"article","og_title":"Distribuci\u00f3n t\u00e9cnica para todos los sectores industriales - Coeva Grup","og_description":"Distribuci\u00f3n t\u00e9cnica especializada para todos los sectores industriales, con productos, asesoramiento y soluciones adaptadas a cada proyecto.","og_url":"https:\/\/coevagrup.eu\/es\/productos-y-especializacion\/","og_site_name":"Coeva Grup","article_modified_time":"2026-01-05T07:45:04+00:00","og_image":[{"width":446,"height":438,"url":"https:\/\/coevagrup.eu\/wp-content\/uploads\/2025\/10\/coeva-grup-simbol.png","type":"image\/png"}],"twitter_card":"summary_large_image","schema":{"@context":"https:\/\/schema.org","@graph":[{"@type":"WebPage","@id":"https:\/\/coevagrup.eu\/es\/productos-y-especializacion\/","url":"https:\/\/coevagrup.eu\/es\/productos-y-especializacion\/","name":"Distribuci\u00f3n t\u00e9cnica para todos los sectores industriales - Coeva Grup","isPartOf":{"@id":"https:\/\/coevagrup.eu\/es\/#website"},"primaryImageOfPage":{"@id":"https:\/\/coevagrup.eu\/es\/productos-y-especializacion\/#primaryimage"},"image":{"@id":"https:\/\/coevagrup.eu\/es\/productos-y-especializacion\/#primaryimage"},"thumbnailUrl":"https:\/\/coevagrup.eu\/wp-content\/uploads\/2025\/10\/coeva-grup-simbol.png","datePublished":"2025-11-12T10:11:07+00:00","dateModified":"2026-01-05T07:45:04+00:00","description":"Distribuci\u00f3n t\u00e9cnica especializada para todos los sectores industriales, con productos, asesoramiento y soluciones adaptadas a cada proyecto.","breadcrumb":{"@id":"https:\/\/coevagrup.eu\/es\/productos-y-especializacion\/#breadcrumb"},"inLanguage":"es","potentialAction":[{"@type":"ReadAction","target":["https:\/\/coevagrup.eu\/es\/productos-y-especializacion\/"]}]},{"@type":"ImageObject","inLanguage":"es","@id":"https:\/\/coevagrup.eu\/es\/productos-y-especializacion\/#primaryimage","url":"https:\/\/coevagrup.eu\/wp-content\/uploads\/2025\/10\/coeva-grup-simbol.png","contentUrl":"https:\/\/coevagrup.eu\/wp-content\/uploads\/2025\/10\/coeva-grup-simbol.png","width":446,"height":438,"caption":"coeva grup"},{"@type":"BreadcrumbList","@id":"https:\/\/coevagrup.eu\/es\/productos-y-especializacion\/#breadcrumb","itemListElement":[{"@type":"ListItem","position":1,"name":"Inici","item":"https:\/\/coevagrup.eu\/es\/inicio\/"},{"@type":"ListItem","position":2,"name":"Productos y especializaci\u00f3n"}]},{"@type":"WebSite","@id":"https:\/\/coevagrup.eu\/es\/#website","url":"https:\/\/coevagrup.eu\/es\/","name":"Coeva Grup","description":"Distribuci\u00f3 de material el\u00e8ctric, electr\u00f2nic i solucions d&#039;automatitzaci\u00f3 per la ind\u00fastria","publisher":{"@id":"https:\/\/coevagrup.eu\/es\/#organization"},"potentialAction":[{"@type":"SearchAction","target":{"@type":"EntryPoint","urlTemplate":"https:\/\/coevagrup.eu\/es\/?s={search_term_string}"},"query-input":{"@type":"PropertyValueSpecification","valueRequired":true,"valueName":"search_term_string"}}],"inLanguage":"es"},{"@type":"Organization","@id":"https:\/\/coevagrup.eu\/es\/#organization","name":"Coeva Grup","url":"https:\/\/coevagrup.eu\/es\/","logo":{"@type":"ImageObject","inLanguage":"es","@id":"https:\/\/coevagrup.eu\/es\/#\/schema\/logo\/image\/","url":"https:\/\/coevagrup.eu\/wp-content\/uploads\/2025\/11\/coeva-grup-logotip.png","contentUrl":"https:\/\/coevagrup.eu\/wp-content\/uploads\/2025\/11\/coeva-grup-logotip.png","width":508,"height":166,"caption":"Coeva Grup"},"image":{"@id":"https:\/\/coevagrup.eu\/es\/#\/schema\/logo\/image\/"},"sameAs":["https:\/\/www.linkedin.com\/company\/coeva-tecnical-grup-sl\/","https:\/\/www.instagram.com\/coeva_grup\/"]}]}},"_links":{"self":[{"href":"https:\/\/coevagrup.eu\/es\/wp-json\/wp\/v2\/pages\/301","targetHints":{"allow":["GET"]}}],"collection":[{"href":"https:\/\/coevagrup.eu\/es\/wp-json\/wp\/v2\/pages"}],"about":[{"href":"https:\/\/coevagrup.eu\/es\/wp-json\/wp\/v2\/types\/page"}],"author":[{"embeddable":true,"href":"https:\/\/coevagrup.eu\/es\/wp-json\/wp\/v2\/users\/1"}],"replies":[{"embeddable":true,"href":"https:\/\/coevagrup.eu\/es\/wp-json\/wp\/v2\/comments?post=301"}],"version-history":[{"count":1,"href":"https:\/\/coevagrup.eu\/es\/wp-json\/wp\/v2\/pages\/301\/revisions"}],"predecessor-version":[{"id":303,"href":"https:\/\/coevagrup.eu\/es\/wp-json\/wp\/v2\/pages\/301\/revisions\/303"}],"wp:featuredmedia":[{"embeddable":true,"href":"https:\/\/coevagrup.eu\/es\/wp-json\/wp\/v2\/media\/389"}],"wp:attachment":[{"href":"https:\/\/coevagrup.eu\/es\/wp-json\/wp\/v2\/media?parent=301"}],"curies":[{"name":"wp","href":"https:\/\/api.w.org\/{rel}","templated":true}]}}