{"id":274,"date":"2025-10-17T18:36:03","date_gmt":"2025-10-17T16:36:03","guid":{"rendered":"https:\/\/coevagrup.eu\/inicio\/"},"modified":"2026-01-20T11:47:29","modified_gmt":"2026-01-20T10:47:29","slug":"inicio","status":"publish","type":"page","link":"https:\/\/coevagrup.eu\/es\/","title":{"rendered":"Inicio"},"content":{"rendered":"\t\t<div data-elementor-type=\"wp-page\" data-elementor-id=\"274\" class=\"elementor elementor-274 elementor-2\" data-elementor-post-type=\"page\">\n\t\t\t\t<div class=\"elementor-element elementor-element-d62e86d e-con-full e-flex e-con e-parent\" data-id=\"d62e86d\" data-element_type=\"container\" data-settings=\"{&quot;background_background&quot;:&quot;classic&quot;}\">\n\t\t<div class=\"elementor-element elementor-element-a8eac5f e-con-full e-flex e-con e-child\" data-id=\"a8eac5f\" data-element_type=\"container\">\n\t\t\t\t<div class=\"elementor-element elementor-element-b126ea8 elementor-invisible elementor-widget elementor-widget-heading\" data-id=\"b126ea8\" data-element_type=\"widget\" data-settings=\"{&quot;_animation&quot;:&quot;fadeInDown&quot;,&quot;_animation_delay&quot;:600}\" data-widget_type=\"heading.default\">\n\t\t\t\t\t<h2 class=\"elementor-heading-title elementor-size-default\">Coeva Grup es una agrupaci\u00f3n empresarial referente en el mercado de la distribuci\u00f3n de material el\u00e9ctrico, neum\u00e1tico, de iluminaci\u00f3n, electr\u00f3nico e inform\u00e1tico en Catalu\u00f1a<\/h2>\t\t\t\t<\/div>\n\t\t\t\t<\/div>\n\t\t\t\t<\/div>\n\t\t<div class=\"elementor-element elementor-element-054affd e-con-full e-flex e-con e-parent\" data-id=\"054affd\" data-element_type=\"container\" data-settings=\"{&quot;background_background&quot;:&quot;classic&quot;}\">\n\t\t<div class=\"elementor-element elementor-element-26c307a e-con-full e-flex e-con e-child\" data-id=\"26c307a\" data-element_type=\"container\">\n\t\t\t\t<div class=\"elementor-element elementor-element-fd1f47c e-transform e-transform e-transform elementor-widget elementor-widget-image\" data-id=\"fd1f47c\" data-element_type=\"widget\" data-settings=\"{&quot;motion_fx_motion_fx_scrolling&quot;:&quot;yes&quot;,&quot;motion_fx_translateX_effect&quot;:&quot;yes&quot;,&quot;motion_fx_translateX_speed&quot;:{&quot;unit&quot;:&quot;px&quot;,&quot;size&quot;:0.6,&quot;sizes&quot;:[]},&quot;motion_fx_devices&quot;:[&quot;desktop&quot;,&quot;tablet&quot;],&quot;_animation_mobile&quot;:&quot;none&quot;,&quot;_transform_rotateZ_effect_mobile&quot;:{&quot;unit&quot;:&quot;deg&quot;,&quot;size&quot;:90,&quot;sizes&quot;:[]},&quot;_transform_translateX_effect&quot;:{&quot;unit&quot;:&quot;px&quot;,&quot;size&quot;:-40,&quot;sizes&quot;:[]},&quot;_transform_translateX_effect_mobile&quot;:{&quot;unit&quot;:&quot;px&quot;,&quot;size&quot;:10,&quot;sizes&quot;:[]},&quot;_transform_scale_effect&quot;:{&quot;unit&quot;:&quot;px&quot;,&quot;size&quot;:2,&quot;sizes&quot;:[]},&quot;_transform_scale_effect_mobile&quot;:{&quot;unit&quot;:&quot;px&quot;,&quot;size&quot;:1.2,&quot;sizes&quot;:[]},&quot;motion_fx_translateX_affectedRange&quot;:{&quot;unit&quot;:&quot;%&quot;,&quot;size&quot;:&quot;&quot;,&quot;sizes&quot;:{&quot;start&quot;:0,&quot;end&quot;:100}},&quot;_transform_rotateZ_effect&quot;:{&quot;unit&quot;:&quot;px&quot;,&quot;size&quot;:&quot;&quot;,&quot;sizes&quot;:[]},&quot;_transform_rotateZ_effect_tablet&quot;:{&quot;unit&quot;:&quot;deg&quot;,&quot;size&quot;:&quot;&quot;,&quot;sizes&quot;:[]},&quot;_transform_translateX_effect_tablet&quot;:{&quot;unit&quot;:&quot;px&quot;,&quot;size&quot;:&quot;&quot;,&quot;sizes&quot;:[]},&quot;_transform_translateY_effect&quot;:{&quot;unit&quot;:&quot;px&quot;,&quot;size&quot;:&quot;&quot;,&quot;sizes&quot;:[]},&quot;_transform_translateY_effect_tablet&quot;:{&quot;unit&quot;:&quot;px&quot;,&quot;size&quot;:&quot;&quot;,&quot;sizes&quot;:[]},&quot;_transform_translateY_effect_mobile&quot;:{&quot;unit&quot;:&quot;px&quot;,&quot;size&quot;:&quot;&quot;,&quot;sizes&quot;:[]},&quot;_transform_scale_effect_tablet&quot;:{&quot;unit&quot;:&quot;px&quot;,&quot;size&quot;:&quot;&quot;,&quot;sizes&quot;:[]}}\" data-widget_type=\"image.default\">\n\t\t\t\t\t\t\t\t\t\t\t\t\t\t\t<img fetchpriority=\"high\" decoding=\"async\" width=\"989\" height=\"1515\" src=\"https:\/\/coevagrup.eu\/wp-content\/uploads\/2025\/11\/circle-1.png\" class=\"attachment-full size-full wp-image-270\" alt=\"\" srcset=\"https:\/\/coevagrup.eu\/wp-content\/uploads\/2025\/11\/circle-1.png 989w, https:\/\/coevagrup.eu\/wp-content\/uploads\/2025\/11\/circle-1-196x300.png 196w, https:\/\/coevagrup.eu\/wp-content\/uploads\/2025\/11\/circle-1-668x1024.png 668w, https:\/\/coevagrup.eu\/wp-content\/uploads\/2025\/11\/circle-1-768x1176.png 768w\" sizes=\"(max-width: 989px) 100vw, 989px\" \/>\t\t\t\t\t\t\t\t\t\t\t\t\t\t\t<\/div>\n\t\t\t\t<\/div>\n\t\t<div class=\"elementor-element elementor-element-0b09ee0 e-con-full e-flex e-con e-child\" data-id=\"0b09ee0\" data-element_type=\"container\">\n\t\t\t\t<div class=\"elementor-element elementor-element-5a57ac8 elementor-invisible elementor-widget elementor-widget-text-editor\" data-id=\"5a57ac8\" data-element_type=\"widget\" data-settings=\"{&quot;_animation&quot;:&quot;fadeInUp&quot;,&quot;_animation_delay&quot;:600}\" data-widget_type=\"text-editor.default\">\n\t\t\t\t\t\t\t\t\t<p>Nacida a principios de los a\u00f1os 80, Coeva Grup es hoy una organizaci\u00f3n en continua evoluci\u00f3n y especializaci\u00f3n, adaptada a los nuevos tiempos y comprometida con la transformaci\u00f3n digital y la industria 4.0.<\/p>\t\t\t\t\t\t\t\t<\/div>\n\t\t\t\t<\/div>\n\t\t<div class=\"elementor-element elementor-element-2f68687 e-con-full e-flex e-con e-child\" data-id=\"2f68687\" data-element_type=\"container\">\n\t\t\t\t<div class=\"elementor-element elementor-element-ad58cff e-transform e-transform e-transform elementor-widget elementor-widget-image\" data-id=\"ad58cff\" data-element_type=\"widget\" data-settings=\"{&quot;motion_fx_motion_fx_scrolling&quot;:&quot;yes&quot;,&quot;motion_fx_translateX_effect&quot;:&quot;yes&quot;,&quot;motion_fx_translateX_direction&quot;:&quot;negative&quot;,&quot;motion_fx_translateX_speed&quot;:{&quot;unit&quot;:&quot;px&quot;,&quot;size&quot;:0.6,&quot;sizes&quot;:[]},&quot;_transform_rotateZ_effect_mobile&quot;:{&quot;unit&quot;:&quot;deg&quot;,&quot;size&quot;:90,&quot;sizes&quot;:[]},&quot;_transform_translateX_effect&quot;:{&quot;unit&quot;:&quot;px&quot;,&quot;size&quot;:40,&quot;sizes&quot;:[]},&quot;_transform_translateX_effect_mobile&quot;:{&quot;unit&quot;:&quot;px&quot;,&quot;size&quot;:-5,&quot;sizes&quot;:[]},&quot;_transform_scale_effect&quot;:{&quot;unit&quot;:&quot;px&quot;,&quot;size&quot;:2,&quot;sizes&quot;:[]},&quot;_transform_scale_effect_mobile&quot;:{&quot;unit&quot;:&quot;px&quot;,&quot;size&quot;:1.2,&quot;sizes&quot;:[]},&quot;motion_fx_translateX_affectedRange&quot;:{&quot;unit&quot;:&quot;%&quot;,&quot;size&quot;:&quot;&quot;,&quot;sizes&quot;:{&quot;start&quot;:0,&quot;end&quot;:100}},&quot;motion_fx_devices&quot;:[&quot;desktop&quot;,&quot;tablet&quot;,&quot;mobile&quot;],&quot;_transform_rotateZ_effect&quot;:{&quot;unit&quot;:&quot;px&quot;,&quot;size&quot;:&quot;&quot;,&quot;sizes&quot;:[]},&quot;_transform_rotateZ_effect_tablet&quot;:{&quot;unit&quot;:&quot;deg&quot;,&quot;size&quot;:&quot;&quot;,&quot;sizes&quot;:[]},&quot;_transform_translateX_effect_tablet&quot;:{&quot;unit&quot;:&quot;px&quot;,&quot;size&quot;:&quot;&quot;,&quot;sizes&quot;:[]},&quot;_transform_translateY_effect&quot;:{&quot;unit&quot;:&quot;px&quot;,&quot;size&quot;:&quot;&quot;,&quot;sizes&quot;:[]},&quot;_transform_translateY_effect_tablet&quot;:{&quot;unit&quot;:&quot;px&quot;,&quot;size&quot;:&quot;&quot;,&quot;sizes&quot;:[]},&quot;_transform_translateY_effect_mobile&quot;:{&quot;unit&quot;:&quot;px&quot;,&quot;size&quot;:&quot;&quot;,&quot;sizes&quot;:[]},&quot;_transform_scale_effect_tablet&quot;:{&quot;unit&quot;:&quot;px&quot;,&quot;size&quot;:&quot;&quot;,&quot;sizes&quot;:[]}}\" data-widget_type=\"image.default\">\n\t\t\t\t\t\t\t\t\t\t\t\t\t\t\t<img decoding=\"async\" width=\"944\" height=\"1337\" src=\"https:\/\/coevagrup.eu\/wp-content\/uploads\/2025\/11\/circle-2.png\" class=\"attachment-full size-full wp-image-271\" alt=\"\" srcset=\"https:\/\/coevagrup.eu\/wp-content\/uploads\/2025\/11\/circle-2.png 944w, https:\/\/coevagrup.eu\/wp-content\/uploads\/2025\/11\/circle-2-212x300.png 212w, https:\/\/coevagrup.eu\/wp-content\/uploads\/2025\/11\/circle-2-723x1024.png 723w, https:\/\/coevagrup.eu\/wp-content\/uploads\/2025\/11\/circle-2-768x1088.png 768w\" sizes=\"(max-width: 944px) 100vw, 944px\" \/>\t\t\t\t\t\t\t\t\t\t\t\t\t\t\t<\/div>\n\t\t\t\t<\/div>\n\t\t\t\t<\/div>\n\t\t<div class=\"elementor-element elementor-element-f3aeca4 e-con-full e-flex e-con e-parent\" data-id=\"f3aeca4\" data-element_type=\"container\" data-settings=\"{&quot;background_background&quot;:&quot;classic&quot;,&quot;background_motion_fx_motion_fx_scrolling&quot;:&quot;yes&quot;,&quot;background_motion_fx_translateY_effect&quot;:&quot;yes&quot;,&quot;background_motion_fx_translateY_speed&quot;:{&quot;unit&quot;:&quot;px&quot;,&quot;size&quot;:4,&quot;sizes&quot;:[]},&quot;background_motion_fx_translateY_affectedRange&quot;:{&quot;unit&quot;:&quot;%&quot;,&quot;size&quot;:&quot;&quot;,&quot;sizes&quot;:{&quot;start&quot;:0,&quot;end&quot;:100}},&quot;background_motion_fx_devices&quot;:[&quot;desktop&quot;,&quot;tablet&quot;,&quot;mobile&quot;]}\">\n\t\t<div class=\"elementor-element elementor-element-fd75778 e-con-full e-flex e-con e-child\" data-id=\"fd75778\" data-element_type=\"container\">\n\t\t\t\t<div class=\"elementor-element elementor-element-e9fdbde elementor-widget elementor-widget-image\" data-id=\"e9fdbde\" data-element_type=\"widget\" data-widget_type=\"image.default\">\n\t\t\t\t\t\t\t\t\t\t\t\t\t\t\t<img decoding=\"async\" width=\"800\" height=\"782\" src=\"https:\/\/coevagrup.eu\/wp-content\/uploads\/2026\/01\/mapa-punts-coeva-1024x1001.webp\" class=\"attachment-large size-large wp-image-438\" alt=\"\" srcset=\"https:\/\/coevagrup.eu\/wp-content\/uploads\/2026\/01\/mapa-punts-coeva-1024x1001.webp 1024w, https:\/\/coevagrup.eu\/wp-content\/uploads\/2026\/01\/mapa-punts-coeva-300x293.webp 300w, https:\/\/coevagrup.eu\/wp-content\/uploads\/2026\/01\/mapa-punts-coeva-768x751.webp 768w, https:\/\/coevagrup.eu\/wp-content\/uploads\/2026\/01\/mapa-punts-coeva.webp 1435w\" sizes=\"(max-width: 800px) 100vw, 800px\" \/>\t\t\t\t\t\t\t\t\t\t\t\t\t\t\t<\/div>\n\t\t\t\t<\/div>\n\t\t<div class=\"elementor-element elementor-element-8c1aed5 e-con-full e-flex e-con e-child\" data-id=\"8c1aed5\" data-element_type=\"container\">\n\t\t\t\t<div class=\"elementor-element elementor-element-53ef265 elementor-hidden-mobile elementor-invisible elementor-widget elementor-widget-heading\" data-id=\"53ef265\" data-element_type=\"widget\" data-settings=\"{&quot;_animation&quot;:&quot;fadeInDown&quot;,&quot;_animation_delay&quot;:600}\" data-widget_type=\"heading.default\">\n\t\t\t\t\t<h2 class=\"elementor-heading-title elementor-size-default\">Puntos<br>de venta<\/h2>\t\t\t\t<\/div>\n\t\t\t\t<div class=\"elementor-element elementor-element-80c03a5 elementor-hidden-desktop elementor-hidden-tablet elementor-invisible elementor-widget elementor-widget-heading\" data-id=\"80c03a5\" data-element_type=\"widget\" data-settings=\"{&quot;_animation&quot;:&quot;fadeInDown&quot;,&quot;_animation_delay&quot;:600}\" data-widget_type=\"heading.default\">\n\t\t\t\t\t<h2 class=\"elementor-heading-title elementor-size-default\">Puntos de venta<\/h2>\t\t\t\t<\/div>\n\t\t\t\t<div class=\"elementor-element elementor-element-f99c56b elementor-widget elementor-widget-spacer\" data-id=\"f99c56b\" data-element_type=\"widget\" data-widget_type=\"spacer.default\">\n\t\t\t\t\t\t\t<div class=\"elementor-spacer\">\n\t\t\t<div class=\"elementor-spacer-inner\"><\/div>\n\t\t<\/div>\n\t\t\t\t\t\t<\/div>\n\t\t\t\t<div class=\"elementor-element elementor-element-c571b88 elementor-invisible elementor-widget elementor-widget-text-editor\" data-id=\"c571b88\" data-element_type=\"widget\" data-settings=\"{&quot;_animation&quot;:&quot;fadeIn&quot;,&quot;_animation_delay&quot;:600}\" data-widget_type=\"text-editor.default\">\n\t\t\t\t\t\t\t\t\t<p>Con <strong>10 puntos de venta<\/strong> y un equipo de m\u00e1s de 165 profesionales, trabajamos para ofrecer soluciones globales en distribuci\u00f3n t\u00e9cnica y productos de primeras marcas, combinando proximidad, experiencia e innovaci\u00f3n.<\/p>\t\t\t\t\t\t\t\t<\/div>\n\t\t\t\t<div class=\"elementor-element elementor-element-2625496 animated-slow elementor-mobile-align-left elementor-invisible elementor-widget elementor-widget-button\" data-id=\"2625496\" data-element_type=\"widget\" data-settings=\"{&quot;_animation&quot;:&quot;fadeInDown&quot;,&quot;_animation_delay&quot;:500}\" data-widget_type=\"button.default\">\n\t\t\t\t\t\t\t\t\t\t<a class=\"elementor-button elementor-button-link elementor-size-sm\" href=\"https:\/\/coevagrup.eu\/es\/empresas-del-grupo\/\">\n\t\t\t\t\t\t<span class=\"elementor-button-content-wrapper\">\n\t\t\t\t\t\t\t\t\t<span class=\"elementor-button-text\">Nuestros puntos de venta<\/span>\n\t\t\t\t\t<\/span>\n\t\t\t\t\t<\/a>\n\t\t\t\t\t\t\t\t<\/div>\n\t\t\t\t<\/div>\n\t\t\t\t<\/div>\n\t\t<div class=\"elementor-element elementor-element-9579ad4 e-con-full e-flex e-con e-parent\" data-id=\"9579ad4\" data-element_type=\"container\" data-settings=\"{&quot;background_background&quot;:&quot;classic&quot;}\">\n\t\t<div class=\"elementor-element elementor-element-57a4f04 e-con-full e-flex e-con e-child\" data-id=\"57a4f04\" data-element_type=\"container\">\n\t\t\t\t<\/div>\n\t\t<div class=\"elementor-element elementor-element-3aa047a e-con-full e-flex e-con e-child\" data-id=\"3aa047a\" data-element_type=\"container\">\n\t\t\t\t<div class=\"elementor-element elementor-element-0dc74b1 elementor-invisible elementor-widget elementor-widget-text-editor\" data-id=\"0dc74b1\" data-element_type=\"widget\" data-settings=\"{&quot;_animation&quot;:&quot;fadeInUp&quot;,&quot;_animation_delay&quot;:600}\" data-widget_type=\"text-editor.default\">\n\t\t\t\t\t\t\t\t\t<p>En Coeva Grup unimos esfuerzos para aportar conocimiento, calidad y disponibilidad al sector industrial y tecnol\u00f3gico.<\/p>\t\t\t\t\t\t\t\t<\/div>\n\t\t<div class=\"elementor-element elementor-element-86a1dd8 e-con-full e-flex e-con e-child\" data-id=\"86a1dd8\" data-element_type=\"container\">\n\t\t<div class=\"elementor-element elementor-element-d557099 e-con-full e-flex e-con e-child\" data-id=\"d557099\" data-element_type=\"container\">\n\t\t\t\t<\/div>\n\t\t<div class=\"elementor-element elementor-element-db263d6 e-con-full e-flex e-con e-child\" data-id=\"db263d6\" data-element_type=\"container\">\n\t\t\t\t<\/div>\n\t\t\t\t<\/div>\n\t\t<div class=\"elementor-element elementor-element-836f3d1 e-con-full e-flex e-con e-child\" data-id=\"836f3d1\" data-element_type=\"container\">\n\t\t<div class=\"elementor-element elementor-element-6d4339e e-con-full e-flex e-con e-child\" data-id=\"6d4339e\" data-element_type=\"container\">\n\t\t\t\t<div class=\"elementor-element elementor-element-8684c84 elementor-widget elementor-widget-text-editor\" data-id=\"8684c84\" data-element_type=\"widget\" data-widget_type=\"text-editor.default\">\n\t\t\t\t\t\t\t\t\t<p>Contacte con nosotros<\/p>\t\t\t\t\t\t\t\t<\/div>\n\t\t\t\t<div class=\"elementor-element elementor-element-fb71998 animated-slow elementor-align-center elementor-invisible elementor-widget elementor-widget-button\" data-id=\"fb71998\" data-element_type=\"widget\" data-settings=\"{&quot;_animation&quot;:&quot;fadeInDown&quot;,&quot;_animation_delay&quot;:500}\" data-widget_type=\"button.default\">\n\t\t\t\t\t\t\t\t\t\t<a class=\"elementor-button elementor-button-link elementor-size-sm\" href=\"http:\/\/coevagrup.eu\/contacto\">\n\t\t\t\t\t\t<span class=\"elementor-button-content-wrapper\">\n\t\t\t\t\t\t\t\t\t<span class=\"elementor-button-text\">Contacto<\/span>\n\t\t\t\t\t<\/span>\n\t\t\t\t\t<\/a>\n\t\t\t\t\t\t\t\t<\/div>\n\t\t\t\t<\/div>\n\t\t\t\t<\/div>\n\t\t\t\t<\/div>\n\t\t<div class=\"elementor-element elementor-element-79adf29 e-con-full e-flex e-con e-child\" data-id=\"79adf29\" data-element_type=\"container\">\n\t\t\t\t<\/div>\n\t\t\t\t<\/div>\n\t\t\t\t<\/div>\n\t\t","protected":false},"excerpt":{"rendered":"<p>Coeva Grup es una agrupaci\u00f3n empresarial referente en el mercado de la distribuci\u00f3n de material el\u00e9ctrico, neum\u00e1tico, de iluminaci\u00f3n, electr\u00f3nico e inform\u00e1tico en Catalu\u00f1a Nacida a principios de los a\u00f1os 80, Coeva Grup es hoy una organizaci\u00f3n en continua evoluci\u00f3n y especializaci\u00f3n, adaptada a los nuevos tiempos y comprometida con la transformaci\u00f3n digital y la [&hellip;]<\/p>\n","protected":false},"author":1,"featured_media":389,"parent":0,"menu_order":0,"comment_status":"closed","ping_status":"closed","template":"elementor_header_footer","meta":{"footnotes":""},"class_list":["post-274","page","type-page","status-publish","has-post-thumbnail","hentry"],"yoast_head":"<!-- This site is optimized with the Yoast SEO plugin v27.3 - https:\/\/yoast.com\/product\/yoast-seo-wordpress\/ -->\n<title>Distribuci\u00f3n de material el\u00e9ctrico e industrial en Catalu\u00f1a - Coeva Grup<\/title>\n<meta name=\"description\" content=\"Distribuci\u00f3n de material el\u00e9ctrico, neum\u00e1tico, electr\u00f3nico e industrial en Catalu\u00f1a, con puntos de venta especializados.\" \/>\n<meta name=\"robots\" content=\"index, follow, max-snippet:-1, max-image-preview:large, max-video-preview:-1\" \/>\n<link rel=\"canonical\" href=\"https:\/\/coevagrup.eu\/es\/\" \/>\n<meta property=\"og:locale\" content=\"es_ES\" \/>\n<meta property=\"og:type\" content=\"article\" \/>\n<meta property=\"og:title\" content=\"Distribuci\u00f3n de material el\u00e9ctrico e industrial en Catalu\u00f1a - Coeva Grup\" \/>\n<meta property=\"og:description\" content=\"Distribuci\u00f3n de material el\u00e9ctrico, neum\u00e1tico, electr\u00f3nico e industrial en Catalu\u00f1a, con puntos de venta especializados.\" \/>\n<meta property=\"og:url\" content=\"https:\/\/coevagrup.eu\/es\/\" \/>\n<meta property=\"og:site_name\" content=\"Coeva Grup\" \/>\n<meta property=\"article:modified_time\" content=\"2026-01-20T10:47:29+00:00\" \/>\n<meta property=\"og:image\" content=\"https:\/\/coevagrup.eu\/wp-content\/uploads\/2025\/10\/coeva-grup-simbol.png\" \/>\n\t<meta property=\"og:image:width\" content=\"446\" \/>\n\t<meta property=\"og:image:height\" content=\"438\" \/>\n\t<meta property=\"og:image:type\" content=\"image\/png\" \/>\n<meta name=\"twitter:card\" content=\"summary_large_image\" \/>\n<meta name=\"twitter:label1\" content=\"Tiempo de lectura\" \/>\n\t<meta name=\"twitter:data1\" content=\"1 minuto\" \/>\n<script type=\"application\/ld+json\" class=\"yoast-schema-graph\">{\"@context\":\"https:\\\/\\\/schema.org\",\"@graph\":[{\"@type\":\"WebPage\",\"@id\":\"https:\\\/\\\/coevagrup.eu\\\/es\\\/\",\"url\":\"https:\\\/\\\/coevagrup.eu\\\/es\\\/\",\"name\":\"Distribuci\u00f3n de material el\u00e9ctrico e industrial en Catalu\u00f1a - Coeva Grup\",\"isPartOf\":{\"@id\":\"https:\\\/\\\/coevagrup.eu\\\/es\\\/#website\"},\"primaryImageOfPage\":{\"@id\":\"https:\\\/\\\/coevagrup.eu\\\/es\\\/#primaryimage\"},\"image\":{\"@id\":\"https:\\\/\\\/coevagrup.eu\\\/es\\\/#primaryimage\"},\"thumbnailUrl\":\"https:\\\/\\\/coevagrup.eu\\\/wp-content\\\/uploads\\\/2025\\\/10\\\/coeva-grup-simbol.png\",\"datePublished\":\"2025-10-17T16:36:03+00:00\",\"dateModified\":\"2026-01-20T10:47:29+00:00\",\"description\":\"Distribuci\u00f3n de material el\u00e9ctrico, neum\u00e1tico, electr\u00f3nico e industrial en Catalu\u00f1a, con puntos de venta especializados.\",\"breadcrumb\":{\"@id\":\"https:\\\/\\\/coevagrup.eu\\\/es\\\/#breadcrumb\"},\"inLanguage\":\"es\",\"potentialAction\":[{\"@type\":\"ReadAction\",\"target\":[\"https:\\\/\\\/coevagrup.eu\\\/es\\\/\"]}]},{\"@type\":\"ImageObject\",\"inLanguage\":\"es\",\"@id\":\"https:\\\/\\\/coevagrup.eu\\\/es\\\/#primaryimage\",\"url\":\"https:\\\/\\\/coevagrup.eu\\\/wp-content\\\/uploads\\\/2025\\\/10\\\/coeva-grup-simbol.png\",\"contentUrl\":\"https:\\\/\\\/coevagrup.eu\\\/wp-content\\\/uploads\\\/2025\\\/10\\\/coeva-grup-simbol.png\",\"width\":446,\"height\":438,\"caption\":\"coeva grup\"},{\"@type\":\"BreadcrumbList\",\"@id\":\"https:\\\/\\\/coevagrup.eu\\\/es\\\/#breadcrumb\",\"itemListElement\":[{\"@type\":\"ListItem\",\"position\":1,\"name\":\"Inici\",\"item\":\"https:\\\/\\\/coevagrup.eu\\\/es\\\/inicio\\\/\"},{\"@type\":\"ListItem\",\"position\":2,\"name\":\"Inicio\"}]},{\"@type\":\"WebSite\",\"@id\":\"https:\\\/\\\/coevagrup.eu\\\/es\\\/#website\",\"url\":\"https:\\\/\\\/coevagrup.eu\\\/es\\\/\",\"name\":\"Coeva Grup\",\"description\":\"Distribuci\u00f3 de material el\u00e8ctric, electr\u00f2nic i solucions d&#039;automatitzaci\u00f3 per la ind\u00fastria\",\"publisher\":{\"@id\":\"https:\\\/\\\/coevagrup.eu\\\/es\\\/#organization\"},\"potentialAction\":[{\"@type\":\"SearchAction\",\"target\":{\"@type\":\"EntryPoint\",\"urlTemplate\":\"https:\\\/\\\/coevagrup.eu\\\/es\\\/?s={search_term_string}\"},\"query-input\":{\"@type\":\"PropertyValueSpecification\",\"valueRequired\":true,\"valueName\":\"search_term_string\"}}],\"inLanguage\":\"es\"},{\"@type\":\"Organization\",\"@id\":\"https:\\\/\\\/coevagrup.eu\\\/es\\\/#organization\",\"name\":\"Coeva Grup\",\"url\":\"https:\\\/\\\/coevagrup.eu\\\/es\\\/\",\"logo\":{\"@type\":\"ImageObject\",\"inLanguage\":\"es\",\"@id\":\"https:\\\/\\\/coevagrup.eu\\\/es\\\/#\\\/schema\\\/logo\\\/image\\\/\",\"url\":\"https:\\\/\\\/coevagrup.eu\\\/wp-content\\\/uploads\\\/2025\\\/11\\\/coeva-grup-logotip.png\",\"contentUrl\":\"https:\\\/\\\/coevagrup.eu\\\/wp-content\\\/uploads\\\/2025\\\/11\\\/coeva-grup-logotip.png\",\"width\":508,\"height\":166,\"caption\":\"Coeva Grup\"},\"image\":{\"@id\":\"https:\\\/\\\/coevagrup.eu\\\/es\\\/#\\\/schema\\\/logo\\\/image\\\/\"},\"sameAs\":[\"https:\\\/\\\/www.linkedin.com\\\/company\\\/coeva-tecnical-grup-sl\\\/\",\"https:\\\/\\\/www.instagram.com\\\/coeva_grup\\\/\"]}]}<\/script>\n<!-- \/ Yoast SEO plugin. -->","yoast_head_json":{"title":"Distribuci\u00f3n de material el\u00e9ctrico e industrial en Catalu\u00f1a - Coeva Grup","description":"Distribuci\u00f3n de material el\u00e9ctrico, neum\u00e1tico, electr\u00f3nico e industrial en Catalu\u00f1a, con puntos de venta especializados.","robots":{"index":"index","follow":"follow","max-snippet":"max-snippet:-1","max-image-preview":"max-image-preview:large","max-video-preview":"max-video-preview:-1"},"canonical":"https:\/\/coevagrup.eu\/es\/","og_locale":"es_ES","og_type":"article","og_title":"Distribuci\u00f3n de material el\u00e9ctrico e industrial en Catalu\u00f1a - Coeva Grup","og_description":"Distribuci\u00f3n de material el\u00e9ctrico, neum\u00e1tico, electr\u00f3nico e industrial en Catalu\u00f1a, con puntos de venta especializados.","og_url":"https:\/\/coevagrup.eu\/es\/","og_site_name":"Coeva Grup","article_modified_time":"2026-01-20T10:47:29+00:00","og_image":[{"width":446,"height":438,"url":"https:\/\/coevagrup.eu\/wp-content\/uploads\/2025\/10\/coeva-grup-simbol.png","type":"image\/png"}],"twitter_card":"summary_large_image","twitter_misc":{"Tiempo de lectura":"1 minuto"},"schema":{"@context":"https:\/\/schema.org","@graph":[{"@type":"WebPage","@id":"https:\/\/coevagrup.eu\/es\/","url":"https:\/\/coevagrup.eu\/es\/","name":"Distribuci\u00f3n de material el\u00e9ctrico e industrial en Catalu\u00f1a - Coeva Grup","isPartOf":{"@id":"https:\/\/coevagrup.eu\/es\/#website"},"primaryImageOfPage":{"@id":"https:\/\/coevagrup.eu\/es\/#primaryimage"},"image":{"@id":"https:\/\/coevagrup.eu\/es\/#primaryimage"},"thumbnailUrl":"https:\/\/coevagrup.eu\/wp-content\/uploads\/2025\/10\/coeva-grup-simbol.png","datePublished":"2025-10-17T16:36:03+00:00","dateModified":"2026-01-20T10:47:29+00:00","description":"Distribuci\u00f3n de material el\u00e9ctrico, neum\u00e1tico, electr\u00f3nico e industrial en Catalu\u00f1a, con puntos de venta especializados.","breadcrumb":{"@id":"https:\/\/coevagrup.eu\/es\/#breadcrumb"},"inLanguage":"es","potentialAction":[{"@type":"ReadAction","target":["https:\/\/coevagrup.eu\/es\/"]}]},{"@type":"ImageObject","inLanguage":"es","@id":"https:\/\/coevagrup.eu\/es\/#primaryimage","url":"https:\/\/coevagrup.eu\/wp-content\/uploads\/2025\/10\/coeva-grup-simbol.png","contentUrl":"https:\/\/coevagrup.eu\/wp-content\/uploads\/2025\/10\/coeva-grup-simbol.png","width":446,"height":438,"caption":"coeva grup"},{"@type":"BreadcrumbList","@id":"https:\/\/coevagrup.eu\/es\/#breadcrumb","itemListElement":[{"@type":"ListItem","position":1,"name":"Inici","item":"https:\/\/coevagrup.eu\/es\/inicio\/"},{"@type":"ListItem","position":2,"name":"Inicio"}]},{"@type":"WebSite","@id":"https:\/\/coevagrup.eu\/es\/#website","url":"https:\/\/coevagrup.eu\/es\/","name":"Coeva Grup","description":"Distribuci\u00f3 de material el\u00e8ctric, electr\u00f2nic i solucions d&#039;automatitzaci\u00f3 per la ind\u00fastria","publisher":{"@id":"https:\/\/coevagrup.eu\/es\/#organization"},"potentialAction":[{"@type":"SearchAction","target":{"@type":"EntryPoint","urlTemplate":"https:\/\/coevagrup.eu\/es\/?s={search_term_string}"},"query-input":{"@type":"PropertyValueSpecification","valueRequired":true,"valueName":"search_term_string"}}],"inLanguage":"es"},{"@type":"Organization","@id":"https:\/\/coevagrup.eu\/es\/#organization","name":"Coeva Grup","url":"https:\/\/coevagrup.eu\/es\/","logo":{"@type":"ImageObject","inLanguage":"es","@id":"https:\/\/coevagrup.eu\/es\/#\/schema\/logo\/image\/","url":"https:\/\/coevagrup.eu\/wp-content\/uploads\/2025\/11\/coeva-grup-logotip.png","contentUrl":"https:\/\/coevagrup.eu\/wp-content\/uploads\/2025\/11\/coeva-grup-logotip.png","width":508,"height":166,"caption":"Coeva Grup"},"image":{"@id":"https:\/\/coevagrup.eu\/es\/#\/schema\/logo\/image\/"},"sameAs":["https:\/\/www.linkedin.com\/company\/coeva-tecnical-grup-sl\/","https:\/\/www.instagram.com\/coeva_grup\/"]}]}},"_links":{"self":[{"href":"https:\/\/coevagrup.eu\/es\/wp-json\/wp\/v2\/pages\/274","targetHints":{"allow":["GET"]}}],"collection":[{"href":"https:\/\/coevagrup.eu\/es\/wp-json\/wp\/v2\/pages"}],"about":[{"href":"https:\/\/coevagrup.eu\/es\/wp-json\/wp\/v2\/types\/page"}],"author":[{"embeddable":true,"href":"https:\/\/coevagrup.eu\/es\/wp-json\/wp\/v2\/users\/1"}],"replies":[{"embeddable":true,"href":"https:\/\/coevagrup.eu\/es\/wp-json\/wp\/v2\/comments?post=274"}],"version-history":[{"count":9,"href":"https:\/\/coevagrup.eu\/es\/wp-json\/wp\/v2\/pages\/274\/revisions"}],"predecessor-version":[{"id":454,"href":"https:\/\/coevagrup.eu\/es\/wp-json\/wp\/v2\/pages\/274\/revisions\/454"}],"wp:featuredmedia":[{"embeddable":true,"href":"https:\/\/coevagrup.eu\/es\/wp-json\/wp\/v2\/media\/389"}],"wp:attachment":[{"href":"https:\/\/coevagrup.eu\/es\/wp-json\/wp\/v2\/media?parent=274"}],"curies":[{"name":"wp","href":"https:\/\/api.w.org\/{rel}","templated":true}]}}