{"id":260,"date":"2025-11-12T15:33:56","date_gmt":"2025-11-12T14:33:56","guid":{"rendered":"https:\/\/coevagrup.eu\/contacte\/"},"modified":"2026-01-13T10:56:52","modified_gmt":"2026-01-13T09:56:52","slug":"contacte","status":"publish","type":"page","link":"https:\/\/coevagrup.eu\/es\/contacte\/","title":{"rendered":"Contacto"},"content":{"rendered":"\t\t<div data-elementor-type=\"wp-page\" data-elementor-id=\"260\" class=\"elementor elementor-260 elementor-210\" data-elementor-post-type=\"page\">\n\t\t\t\t<div class=\"elementor-element elementor-element-8a5da6d e-con-full e-flex e-con e-parent\" data-id=\"8a5da6d\" data-element_type=\"container\" data-settings=\"{&quot;background_background&quot;:&quot;classic&quot;}\">\n\t\t<div class=\"elementor-element elementor-element-89cd88b e-con-full e-flex e-con e-child\" data-id=\"89cd88b\" data-element_type=\"container\" data-settings=\"{&quot;background_background&quot;:&quot;classic&quot;}\">\n\t\t\t\t<div class=\"elementor-element elementor-element-96cfc92 elementor-invisible elementor-widget elementor-widget-heading\" data-id=\"96cfc92\" data-element_type=\"widget\" data-settings=\"{&quot;_animation&quot;:&quot;fadeInUp&quot;,&quot;_animation_delay&quot;:600}\" data-widget_type=\"heading.default\">\n\t\t\t\t\t<h2 class=\"elementor-heading-title elementor-size-default\">Contacto<\/h2>\t\t\t\t<\/div>\n\t\t\t\t<\/div>\n\t\t\t\t<\/div>\n\t\t<div class=\"elementor-element elementor-element-30a98e4 e-con-full e-flex e-con e-parent\" data-id=\"30a98e4\" data-element_type=\"container\" data-settings=\"{&quot;background_background&quot;:&quot;classic&quot;}\">\n\t\t<div class=\"elementor-element elementor-element-2ae4de2 e-con-full e-flex e-con e-child\" data-id=\"2ae4de2\" data-element_type=\"container\">\n\t\t\t\t<div class=\"elementor-element elementor-element-77f2888 elementor-invisible elementor-widget elementor-widget-text-editor\" data-id=\"77f2888\" data-element_type=\"widget\" data-settings=\"{&quot;_animation&quot;:&quot;fadeInUp&quot;,&quot;_animation_delay&quot;:600}\" data-widget_type=\"text-editor.default\">\n\t\t\t\t\t\t\t\t\t<p>En Coeva Grup trabajamos con una red de delegaciones en toda Catalu\u00f1a para ofrecer una atenci\u00f3n cercana y especializada.<\/p><p>Si necesita informaci\u00f3n sobre productos, marcas o disponibilidad de stock, nuestro equipo comercial y t\u00e9cnico le atender\u00e1.<\/p>\t\t\t\t\t\t\t\t<\/div>\n\t\t\t\t<\/div>\n\t\t<div class=\"elementor-element elementor-element-6b2dc06 e-con-full e-flex e-con e-child\" data-id=\"6b2dc06\" data-element_type=\"container\">\n\t\t\t\t<div class=\"elementor-element elementor-element-4b987fc elementor-widget elementor-widget-text-editor\" data-id=\"4b987fc\" data-element_type=\"widget\" data-widget_type=\"text-editor.default\">\n\t\t\t\t\t\t\t\t\t<p>\u00bfAlguna consulta? Env\u00edanos un correo<\/p>\t\t\t\t\t\t\t\t<\/div>\n\t\t\t\t<div class=\"elementor-element elementor-element-78bda82 elementor-button-align-start elementor-mobile-button-align-center elementor-widget elementor-widget-form\" data-id=\"78bda82\" data-element_type=\"widget\" data-settings=\"{&quot;step_next_label&quot;:&quot;Siguiente&quot;,&quot;step_previous_label&quot;:&quot;Anterior&quot;,&quot;button_width&quot;:&quot;100&quot;,&quot;step_type&quot;:&quot;number_text&quot;,&quot;step_icon_shape&quot;:&quot;circle&quot;}\" data-widget_type=\"form.default\">\n\t\t\t\t\t\t\t<form class=\"elementor-form\" method=\"post\" name=\"Contacto web\" aria-label=\"Contacto web\">\n\t\t\t<input type=\"hidden\" name=\"post_id\" value=\"260\"\/>\n\t\t\t<input type=\"hidden\" name=\"form_id\" value=\"78bda82\"\/>\n\t\t\t<input type=\"hidden\" name=\"referer_title\" value=\"Contacto - Coeva Grup\" \/>\n\n\t\t\t\t\t\t\t<input type=\"hidden\" name=\"queried_id\" value=\"260\"\/>\n\t\t\t\n\t\t\t<div class=\"elementor-form-fields-wrapper elementor-labels-\">\n\t\t\t\t\t\t\t\t<div class=\"elementor-field-type-text elementor-field-group elementor-column elementor-field-group-name elementor-col-100 elementor-field-required\">\n\t\t\t\t\t\t\t\t\t\t\t\t<label for=\"form-field-name\" class=\"elementor-field-label elementor-screen-only\">\n\t\t\t\t\t\t\t\tNombre y Apellidos\t\t\t\t\t\t\t<\/label>\n\t\t\t\t\t\t\t\t\t\t\t\t\t\t<input size=\"1\" type=\"text\" name=\"form_fields[name]\" id=\"form-field-name\" class=\"elementor-field elementor-size-sm  elementor-field-textual\" placeholder=\"Nombre y Apellidos\" required=\"required\">\n\t\t\t\t\t\t\t\t\t\t\t<\/div>\n\t\t\t\t\t\t\t\t<div class=\"elementor-field-type-text elementor-field-group elementor-column elementor-field-group-field_d863e28 elementor-col-100\">\n\t\t\t\t\t\t\t\t\t\t\t\t<label for=\"form-field-field_d863e28\" class=\"elementor-field-label elementor-screen-only\">\n\t\t\t\t\t\t\t\tEmpresa\t\t\t\t\t\t\t<\/label>\n\t\t\t\t\t\t\t\t\t\t\t\t\t\t<input size=\"1\" type=\"text\" name=\"form_fields[field_d863e28]\" id=\"form-field-field_d863e28\" class=\"elementor-field elementor-size-sm  elementor-field-textual\" placeholder=\"Empresa\">\n\t\t\t\t\t\t\t\t\t\t\t<\/div>\n\t\t\t\t\t\t\t\t<div class=\"elementor-field-type-tel elementor-field-group elementor-column elementor-field-group-field_835e5d0 elementor-col-100 elementor-field-required\">\n\t\t\t\t\t\t\t\t\t\t\t\t<label for=\"form-field-field_835e5d0\" class=\"elementor-field-label elementor-screen-only\">\n\t\t\t\t\t\t\t\tTel\u00e9fono\t\t\t\t\t\t\t<\/label>\n\t\t\t\t\t\t\t\t<input size=\"1\" type=\"tel\" name=\"form_fields[field_835e5d0]\" id=\"form-field-field_835e5d0\" class=\"elementor-field elementor-size-sm  elementor-field-textual\" placeholder=\"Tel\u00e9fono\" required=\"required\" pattern=\"[0-9()#&amp;+*-=.]+\" title=\"Solo se aceptan n\u00fameros y caracteres de tel\u00e9fono (#,-,*,etc).\">\n\n\t\t\t\t\t\t<\/div>\n\t\t\t\t\t\t\t\t<div class=\"elementor-field-type-email elementor-field-group elementor-column elementor-field-group-email elementor-col-100 elementor-field-required\">\n\t\t\t\t\t\t\t\t\t\t\t\t<label for=\"form-field-email\" class=\"elementor-field-label elementor-screen-only\">\n\t\t\t\t\t\t\t\tCorreo electr\u00f3nico\t\t\t\t\t\t\t<\/label>\n\t\t\t\t\t\t\t\t\t\t\t\t\t\t<input size=\"1\" type=\"email\" name=\"form_fields[email]\" id=\"form-field-email\" class=\"elementor-field elementor-size-sm  elementor-field-textual\" placeholder=\"Correo electr\u00f3nico\" required=\"required\">\n\t\t\t\t\t\t\t\t\t\t\t<\/div>\n\t\t\t\t\t\t\t\t<div class=\"elementor-field-type-textarea elementor-field-group elementor-column elementor-field-group-message elementor-col-100\">\n\t\t\t\t\t\t\t\t\t\t\t\t<label for=\"form-field-message\" class=\"elementor-field-label elementor-screen-only\">\n\t\t\t\t\t\t\t\tMensaje \t\t\t\t\t\t\t<\/label>\n\t\t\t\t\t\t<textarea class=\"elementor-field-textual elementor-field  elementor-size-sm\" name=\"form_fields[message]\" id=\"form-field-message\" rows=\"4\" placeholder=\"Mensaje \"><\/textarea>\t\t\t\t<\/div>\n\t\t\t\t\t\t\t\t<div class=\"elementor-field-type-acceptance elementor-field-group elementor-column elementor-field-group-field_f0f8a55 elementor-col-100 elementor-field-required\">\n\t\t\t\t\t\t\t\t\t\t\t\t<label for=\"form-field-field_f0f8a55\" class=\"elementor-field-label elementor-screen-only\">\n\t\t\t\t\t\t\t\tLegal\t\t\t\t\t\t\t<\/label>\n\t\t\t\t\t\t\t\t<div class=\"elementor-field-subgroup\">\n\t\t\t<span class=\"elementor-field-option\">\n\t\t\t\t<input type=\"checkbox\" name=\"form_fields[field_f0f8a55]\" id=\"form-field-field_f0f8a55\" class=\"elementor-field elementor-size-sm  elementor-acceptance-field\" required=\"required\">\n\t\t\t\t<label for=\"form-field-field_f0f8a55\"><font size=\"2\">  \n  Acepto la gesti\u00f3n de mis datos como se indica en la pol\u00edtica de privacidad.\n<\/font><\/label>\t\t\t<\/span>\n\t\t<\/div>\n\t\t\t\t\t\t<\/div>\n\t\t\t\t\t\t\t\t<div class=\"elementor-field-type-recaptcha_v3 elementor-field-group elementor-column elementor-field-group-field_f9981ad elementor-col-100 recaptcha_v3-bottomright\">\n\t\t\t\t\t<div class=\"elementor-field\" id=\"form-field-field_f9981ad\"><div class=\"elementor-g-recaptcha\" data-sitekey=\"6Ld_JEksAAAAAKcuKijbubmHN7OFK0xD2G2dVUyt\" data-type=\"v3\" data-action=\"Form\" data-badge=\"bottomright\" data-size=\"invisible\"><\/div><\/div>\t\t\t\t<\/div>\n\t\t\t\t\t\t\t\t<div class=\"elementor-field-group elementor-column elementor-field-type-submit elementor-col-100 e-form__buttons\">\n\t\t\t\t\t<button class=\"elementor-button elementor-size-sm\" type=\"submit\">\n\t\t\t\t\t\t<span class=\"elementor-button-content-wrapper\">\n\t\t\t\t\t\t\t\t\t\t\t\t\t\t\t\t\t\t\t\t\t\t<span class=\"elementor-button-text\">Enviar<\/span>\n\t\t\t\t\t\t\t\t\t\t\t\t\t<\/span>\n\t\t\t\t\t<\/button>\n\t\t\t\t<\/div>\n\t\t\t<\/div>\n\t\t<\/form>\n\t\t\t\t\t\t<\/div>\n\t\t\t\t<\/div>\n\t\t\t\t<\/div>\n\t\t\t\t<\/div>\n\t\t","protected":false},"excerpt":{"rendered":"<p>Contacto En Coeva Grup trabajamos con una red de delegaciones en toda Catalu\u00f1a para ofrecer una atenci\u00f3n cercana y especializada. Si necesita informaci\u00f3n sobre productos, marcas o disponibilidad de stock, nuestro equipo comercial y t\u00e9cnico le atender\u00e1. \u00bfAlguna consulta? Env\u00edanos un correo<\/p>\n","protected":false},"author":1,"featured_media":389,"parent":0,"menu_order":0,"comment_status":"closed","ping_status":"closed","template":"elementor_header_footer","meta":{"footnotes":""},"class_list":["post-260","page","type-page","status-publish","has-post-thumbnail","hentry"],"yoast_head":"<!-- This site is optimized with the Yoast SEO plugin v27.3 - https:\/\/yoast.com\/product\/yoast-seo-wordpress\/ -->\n<title>Contacto - Coeva Grup<\/title>\n<meta name=\"description\" content=\"P\u00e1gina de contacto de Coeva Grup para consultas, presupuestos y soporte t\u00e9cnico especializado a profesionales y empresas.\" \/>\n<meta name=\"robots\" content=\"index, follow, max-snippet:-1, max-image-preview:large, max-video-preview:-1\" \/>\n<link rel=\"canonical\" href=\"https:\/\/coevagrup.eu\/es\/contacte\/\" \/>\n<meta property=\"og:locale\" content=\"es_ES\" \/>\n<meta property=\"og:type\" content=\"article\" \/>\n<meta property=\"og:title\" content=\"Contacto - Coeva Grup\" \/>\n<meta property=\"og:description\" content=\"P\u00e1gina de contacto de Coeva Grup para consultas, presupuestos y soporte t\u00e9cnico especializado a profesionales y empresas.\" \/>\n<meta property=\"og:url\" content=\"https:\/\/coevagrup.eu\/es\/contacte\/\" \/>\n<meta property=\"og:site_name\" content=\"Coeva Grup\" \/>\n<meta property=\"article:modified_time\" content=\"2026-01-13T09:56:52+00:00\" \/>\n<meta property=\"og:image\" content=\"https:\/\/coevagrup.eu\/wp-content\/uploads\/2025\/10\/coeva-grup-simbol.png\" \/>\n\t<meta property=\"og:image:width\" content=\"446\" \/>\n\t<meta property=\"og:image:height\" content=\"438\" \/>\n\t<meta property=\"og:image:type\" content=\"image\/png\" \/>\n<meta name=\"twitter:card\" content=\"summary_large_image\" \/>\n<script type=\"application\/ld+json\" class=\"yoast-schema-graph\">{\"@context\":\"https:\\\/\\\/schema.org\",\"@graph\":[{\"@type\":\"WebPage\",\"@id\":\"https:\\\/\\\/coevagrup.eu\\\/es\\\/contacte\\\/\",\"url\":\"https:\\\/\\\/coevagrup.eu\\\/es\\\/contacte\\\/\",\"name\":\"Contacto - Coeva Grup\",\"isPartOf\":{\"@id\":\"https:\\\/\\\/coevagrup.eu\\\/es\\\/#website\"},\"primaryImageOfPage\":{\"@id\":\"https:\\\/\\\/coevagrup.eu\\\/es\\\/contacte\\\/#primaryimage\"},\"image\":{\"@id\":\"https:\\\/\\\/coevagrup.eu\\\/es\\\/contacte\\\/#primaryimage\"},\"thumbnailUrl\":\"https:\\\/\\\/coevagrup.eu\\\/wp-content\\\/uploads\\\/2025\\\/10\\\/coeva-grup-simbol.png\",\"datePublished\":\"2025-11-12T14:33:56+00:00\",\"dateModified\":\"2026-01-13T09:56:52+00:00\",\"description\":\"P\u00e1gina de contacto de Coeva Grup para consultas, presupuestos y soporte t\u00e9cnico especializado a profesionales y empresas.\",\"breadcrumb\":{\"@id\":\"https:\\\/\\\/coevagrup.eu\\\/es\\\/contacte\\\/#breadcrumb\"},\"inLanguage\":\"es\",\"potentialAction\":[{\"@type\":\"ReadAction\",\"target\":[\"https:\\\/\\\/coevagrup.eu\\\/es\\\/contacte\\\/\"]}]},{\"@type\":\"ImageObject\",\"inLanguage\":\"es\",\"@id\":\"https:\\\/\\\/coevagrup.eu\\\/es\\\/contacte\\\/#primaryimage\",\"url\":\"https:\\\/\\\/coevagrup.eu\\\/wp-content\\\/uploads\\\/2025\\\/10\\\/coeva-grup-simbol.png\",\"contentUrl\":\"https:\\\/\\\/coevagrup.eu\\\/wp-content\\\/uploads\\\/2025\\\/10\\\/coeva-grup-simbol.png\",\"width\":446,\"height\":438,\"caption\":\"coeva grup\"},{\"@type\":\"BreadcrumbList\",\"@id\":\"https:\\\/\\\/coevagrup.eu\\\/es\\\/contacte\\\/#breadcrumb\",\"itemListElement\":[{\"@type\":\"ListItem\",\"position\":1,\"name\":\"Inici\",\"item\":\"https:\\\/\\\/coevagrup.eu\\\/es\\\/inicio\\\/\"},{\"@type\":\"ListItem\",\"position\":2,\"name\":\"Contacto\"}]},{\"@type\":\"WebSite\",\"@id\":\"https:\\\/\\\/coevagrup.eu\\\/es\\\/#website\",\"url\":\"https:\\\/\\\/coevagrup.eu\\\/es\\\/\",\"name\":\"Coeva Grup\",\"description\":\"Distribuci\u00f3 de material el\u00e8ctric, electr\u00f2nic i solucions d&#039;automatitzaci\u00f3 per la ind\u00fastria\",\"publisher\":{\"@id\":\"https:\\\/\\\/coevagrup.eu\\\/es\\\/#organization\"},\"potentialAction\":[{\"@type\":\"SearchAction\",\"target\":{\"@type\":\"EntryPoint\",\"urlTemplate\":\"https:\\\/\\\/coevagrup.eu\\\/es\\\/?s={search_term_string}\"},\"query-input\":{\"@type\":\"PropertyValueSpecification\",\"valueRequired\":true,\"valueName\":\"search_term_string\"}}],\"inLanguage\":\"es\"},{\"@type\":\"Organization\",\"@id\":\"https:\\\/\\\/coevagrup.eu\\\/es\\\/#organization\",\"name\":\"Coeva Grup\",\"url\":\"https:\\\/\\\/coevagrup.eu\\\/es\\\/\",\"logo\":{\"@type\":\"ImageObject\",\"inLanguage\":\"es\",\"@id\":\"https:\\\/\\\/coevagrup.eu\\\/es\\\/#\\\/schema\\\/logo\\\/image\\\/\",\"url\":\"https:\\\/\\\/coevagrup.eu\\\/wp-content\\\/uploads\\\/2025\\\/11\\\/coeva-grup-logotip.png\",\"contentUrl\":\"https:\\\/\\\/coevagrup.eu\\\/wp-content\\\/uploads\\\/2025\\\/11\\\/coeva-grup-logotip.png\",\"width\":508,\"height\":166,\"caption\":\"Coeva Grup\"},\"image\":{\"@id\":\"https:\\\/\\\/coevagrup.eu\\\/es\\\/#\\\/schema\\\/logo\\\/image\\\/\"},\"sameAs\":[\"https:\\\/\\\/www.linkedin.com\\\/company\\\/coeva-tecnical-grup-sl\\\/\",\"https:\\\/\\\/www.instagram.com\\\/coeva_grup\\\/\"]}]}<\/script>\n<!-- \/ Yoast SEO plugin. -->","yoast_head_json":{"title":"Contacto - Coeva Grup","description":"P\u00e1gina de contacto de Coeva Grup para consultas, presupuestos y soporte t\u00e9cnico especializado a profesionales y empresas.","robots":{"index":"index","follow":"follow","max-snippet":"max-snippet:-1","max-image-preview":"max-image-preview:large","max-video-preview":"max-video-preview:-1"},"canonical":"https:\/\/coevagrup.eu\/es\/contacte\/","og_locale":"es_ES","og_type":"article","og_title":"Contacto - Coeva Grup","og_description":"P\u00e1gina de contacto de Coeva Grup para consultas, presupuestos y soporte t\u00e9cnico especializado a profesionales y empresas.","og_url":"https:\/\/coevagrup.eu\/es\/contacte\/","og_site_name":"Coeva Grup","article_modified_time":"2026-01-13T09:56:52+00:00","og_image":[{"width":446,"height":438,"url":"https:\/\/coevagrup.eu\/wp-content\/uploads\/2025\/10\/coeva-grup-simbol.png","type":"image\/png"}],"twitter_card":"summary_large_image","schema":{"@context":"https:\/\/schema.org","@graph":[{"@type":"WebPage","@id":"https:\/\/coevagrup.eu\/es\/contacte\/","url":"https:\/\/coevagrup.eu\/es\/contacte\/","name":"Contacto - Coeva Grup","isPartOf":{"@id":"https:\/\/coevagrup.eu\/es\/#website"},"primaryImageOfPage":{"@id":"https:\/\/coevagrup.eu\/es\/contacte\/#primaryimage"},"image":{"@id":"https:\/\/coevagrup.eu\/es\/contacte\/#primaryimage"},"thumbnailUrl":"https:\/\/coevagrup.eu\/wp-content\/uploads\/2025\/10\/coeva-grup-simbol.png","datePublished":"2025-11-12T14:33:56+00:00","dateModified":"2026-01-13T09:56:52+00:00","description":"P\u00e1gina de contacto de Coeva Grup para consultas, presupuestos y soporte t\u00e9cnico especializado a profesionales y empresas.","breadcrumb":{"@id":"https:\/\/coevagrup.eu\/es\/contacte\/#breadcrumb"},"inLanguage":"es","potentialAction":[{"@type":"ReadAction","target":["https:\/\/coevagrup.eu\/es\/contacte\/"]}]},{"@type":"ImageObject","inLanguage":"es","@id":"https:\/\/coevagrup.eu\/es\/contacte\/#primaryimage","url":"https:\/\/coevagrup.eu\/wp-content\/uploads\/2025\/10\/coeva-grup-simbol.png","contentUrl":"https:\/\/coevagrup.eu\/wp-content\/uploads\/2025\/10\/coeva-grup-simbol.png","width":446,"height":438,"caption":"coeva grup"},{"@type":"BreadcrumbList","@id":"https:\/\/coevagrup.eu\/es\/contacte\/#breadcrumb","itemListElement":[{"@type":"ListItem","position":1,"name":"Inici","item":"https:\/\/coevagrup.eu\/es\/inicio\/"},{"@type":"ListItem","position":2,"name":"Contacto"}]},{"@type":"WebSite","@id":"https:\/\/coevagrup.eu\/es\/#website","url":"https:\/\/coevagrup.eu\/es\/","name":"Coeva Grup","description":"Distribuci\u00f3 de material el\u00e8ctric, electr\u00f2nic i solucions d&#039;automatitzaci\u00f3 per la ind\u00fastria","publisher":{"@id":"https:\/\/coevagrup.eu\/es\/#organization"},"potentialAction":[{"@type":"SearchAction","target":{"@type":"EntryPoint","urlTemplate":"https:\/\/coevagrup.eu\/es\/?s={search_term_string}"},"query-input":{"@type":"PropertyValueSpecification","valueRequired":true,"valueName":"search_term_string"}}],"inLanguage":"es"},{"@type":"Organization","@id":"https:\/\/coevagrup.eu\/es\/#organization","name":"Coeva Grup","url":"https:\/\/coevagrup.eu\/es\/","logo":{"@type":"ImageObject","inLanguage":"es","@id":"https:\/\/coevagrup.eu\/es\/#\/schema\/logo\/image\/","url":"https:\/\/coevagrup.eu\/wp-content\/uploads\/2025\/11\/coeva-grup-logotip.png","contentUrl":"https:\/\/coevagrup.eu\/wp-content\/uploads\/2025\/11\/coeva-grup-logotip.png","width":508,"height":166,"caption":"Coeva Grup"},"image":{"@id":"https:\/\/coevagrup.eu\/es\/#\/schema\/logo\/image\/"},"sameAs":["https:\/\/www.linkedin.com\/company\/coeva-tecnical-grup-sl\/","https:\/\/www.instagram.com\/coeva_grup\/"]}]}},"_links":{"self":[{"href":"https:\/\/coevagrup.eu\/es\/wp-json\/wp\/v2\/pages\/260","targetHints":{"allow":["GET"]}}],"collection":[{"href":"https:\/\/coevagrup.eu\/es\/wp-json\/wp\/v2\/pages"}],"about":[{"href":"https:\/\/coevagrup.eu\/es\/wp-json\/wp\/v2\/types\/page"}],"author":[{"embeddable":true,"href":"https:\/\/coevagrup.eu\/es\/wp-json\/wp\/v2\/users\/1"}],"replies":[{"embeddable":true,"href":"https:\/\/coevagrup.eu\/es\/wp-json\/wp\/v2\/comments?post=260"}],"version-history":[{"count":7,"href":"https:\/\/coevagrup.eu\/es\/wp-json\/wp\/v2\/pages\/260\/revisions"}],"predecessor-version":[{"id":422,"href":"https:\/\/coevagrup.eu\/es\/wp-json\/wp\/v2\/pages\/260\/revisions\/422"}],"wp:featuredmedia":[{"embeddable":true,"href":"https:\/\/coevagrup.eu\/es\/wp-json\/wp\/v2\/media\/389"}],"wp:attachment":[{"href":"https:\/\/coevagrup.eu\/es\/wp-json\/wp\/v2\/media?parent=260"}],"curies":[{"name":"wp","href":"https:\/\/api.w.org\/{rel}","templated":true}]}}